{"id":1342,"date":"2018-10-04T06:18:10","date_gmt":"2018-10-04T06:18:10","guid":{"rendered":"https:\/\/biancabaldini.com\/about\/"},"modified":"2025-04-01T23:28:00","modified_gmt":"2025-04-01T23:28:00","slug":"about","status":"publish","type":"page","link":"https:\/\/biancabaldini.com\/es\/about\/","title":{"rendered":"Sobre m\u00ed"},"content":{"rendered":"<div data-elementor-type=\"wp-post\" data-elementor-id=\"1342\" class=\"elementor elementor-1342\" data-elementor-post-type=\"page\">\n\t\t\t\t\t\t<section class=\"elementor-section elementor-top-section elementor-element elementor-element-7d439393 elementor-section-boxed elementor-section-height-default elementor-section-height-default\" data-id=\"7d439393\" data-element_type=\"section\" data-e-type=\"section\" data-settings=\"{&quot;background_background&quot;:&quot;classic&quot;}\">\n\t\t\t\t\t\t\t<div class=\"elementor-background-overlay\"><\/div>\n\t\t\t\t\t\t\t<div class=\"elementor-container elementor-column-gap-no\">\n\t\t\t\t\t<div class=\"elementor-column elementor-col-100 elementor-top-column elementor-element elementor-element-3474ac6a\" data-id=\"3474ac6a\" data-element_type=\"column\" data-e-type=\"column\">\n\t\t\t<div class=\"elementor-widget-wrap elementor-element-populated\">\n\t\t\t\t\t\t<div class=\"elementor-element elementor-element-7b415e3 elementor-widget elementor-widget-heading\" data-id=\"7b415e3\" data-element_type=\"widget\" data-e-type=\"widget\" data-widget_type=\"heading.default\">\n\t\t\t\t<div class=\"elementor-widget-container\">\n\t\t\t\t\t<h1 class=\"elementor-heading-title elementor-size-default\">Sobre m\u00ed<\/h1>\t\t\t\t<\/div>\n\t\t\t\t<\/div>\n\t\t\t\t<div class=\"elementor-element elementor-element-6add383c elementor-widget-divider--view-line elementor-widget elementor-widget-divider\" data-id=\"6add383c\" data-element_type=\"widget\" data-e-type=\"widget\" data-widget_type=\"divider.default\">\n\t\t\t\t<div class=\"elementor-widget-container\">\n\t\t\t\t\t\t\t<div class=\"elementor-divider\">\n\t\t\t<span class=\"elementor-divider-separator\">\n\t\t\t\t\t\t<\/span>\n\t\t<\/div>\n\t\t\t\t\t\t<\/div>\n\t\t\t\t<\/div>\n\t\t\t\t\t<\/div>\n\t\t<\/div>\n\t\t\t\t\t<\/div>\n\t\t<\/section>\n\t\t\t\t<section class=\"elementor-section elementor-top-section elementor-element elementor-element-70f8e6d2 elementor-section-full_width elementor-section-height-default elementor-section-height-default\" data-id=\"70f8e6d2\" data-element_type=\"section\" data-e-type=\"section\">\n\t\t\t\t\t\t<div class=\"elementor-container elementor-column-gap-no\">\n\t\t\t\t\t<div class=\"elementor-column elementor-col-100 elementor-top-column elementor-element elementor-element-33a9577\" data-id=\"33a9577\" data-element_type=\"column\" data-e-type=\"column\">\n\t\t\t<div class=\"elementor-widget-wrap elementor-element-populated\">\n\t\t\t\t\t\t<div class=\"elementor-element elementor-element-2e857e86 elementor-widget elementor-widget-heading\" data-id=\"2e857e86\" data-element_type=\"widget\" data-e-type=\"widget\" data-widget_type=\"heading.default\">\n\t\t\t\t<div class=\"elementor-widget-container\">\n\t\t\t\t\t<span class=\"elementor-heading-title elementor-size-default\">Bianca Baldini<\/span>\t\t\t\t<\/div>\n\t\t\t\t<\/div>\n\t\t\t\t\t<\/div>\n\t\t<\/div>\n\t\t\t\t\t<\/div>\n\t\t<\/section>\n\t\t\t\t<section class=\"elementor-section elementor-top-section elementor-element elementor-element-5bab5e22 elementor-section-content-middle elementor-section-boxed elementor-section-height-default elementor-section-height-default\" data-id=\"5bab5e22\" data-element_type=\"section\" data-e-type=\"section\">\n\t\t\t\t\t\t<div class=\"elementor-container elementor-column-gap-no\">\n\t\t\t\t\t<div class=\"elementor-column elementor-col-50 elementor-top-column elementor-element elementor-element-2c72dcdd\" data-id=\"2c72dcdd\" data-element_type=\"column\" data-e-type=\"column\">\n\t\t\t<div class=\"elementor-widget-wrap elementor-element-populated\">\n\t\t\t\t\t\t<div class=\"elementor-element elementor-element-3042a717 elementor-widget__width-auto elementor-widget-divider--view-line elementor-widget elementor-widget-divider\" data-id=\"3042a717\" data-element_type=\"widget\" data-e-type=\"widget\" data-widget_type=\"divider.default\">\n\t\t\t\t<div class=\"elementor-widget-container\">\n\t\t\t\t\t\t\t<div class=\"elementor-divider\">\n\t\t\t<span class=\"elementor-divider-separator\">\n\t\t\t\t\t\t<\/span>\n\t\t<\/div>\n\t\t\t\t\t\t<\/div>\n\t\t\t\t<\/div>\n\t\t\t\t<div class=\"elementor-element elementor-element-54e26580 elementor-widget elementor-widget-heading\" data-id=\"54e26580\" data-element_type=\"widget\" data-e-type=\"widget\" data-widget_type=\"heading.default\">\n\t\t\t\t<div class=\"elementor-widget-container\">\n\t\t\t\t\t<h2 class=\"elementor-heading-title elementor-size-default\">Bianca Baldini<\/h2>\t\t\t\t<\/div>\n\t\t\t\t<\/div>\n\t\t\t\t<div class=\"elementor-element elementor-element-534ca0be elementor-widget__width-auto elementor-widget elementor-widget-heading\" data-id=\"534ca0be\" data-element_type=\"widget\" data-e-type=\"widget\" data-widget_type=\"heading.default\">\n\t\t\t\t<div class=\"elementor-widget-container\">\n\t\t\t\t\t<h6 class=\"elementor-heading-title elementor-size-default\">Bienes ra\u00edces internacionales<\/h6>\t\t\t\t<\/div>\n\t\t\t\t<\/div>\n\t\t\t\t<div class=\"elementor-element elementor-element-1d644c19 elementor-widget elementor-widget-text-editor\" data-id=\"1d644c19\" data-element_type=\"widget\" data-e-type=\"widget\" data-widget_type=\"text-editor.default\">\n\t\t\t\t<div class=\"elementor-widget-container\">\n\t\t\t\t\t\t\t\t\t<div>Nacida en Venezuela, casada y madre de dos hijos, graduada en periodismo de la Universidad de Los Andes (ULA), apasionada por el poder de la comunicaci\u00f3n y las conexiones humanas, se mud\u00f3 a Miami en 2011.<\/div><div>\u00a0<\/div><div>Asesora Inmobiliaria Internacional Especializada en Waterfront de Lujo y Preconstrucci\u00f3n.<\/div><div>\u00a0<\/div><div>Certificada como Home Stager Profesional y Consultora de Color. S\u00e9 exactamente lo que cada propiedad requiere en t\u00e9rminos de muebles, acabados , colores, con el fin de potenciar el espacio y generar resultados extraordinarios y alcanzar el precio de venta superior. Con m\u00e1s de 14 a\u00f1os de experiencia puedo asesorarlo en base a mi experiencia personal.<\/div><div>\u00a0<\/div><p>Miami es una ciudad super din\u00e1mica, multicultural, con las mejores vistas, llena de amaneceres y atardeceres impresionantes, exquisita gastronom\u00eda y una vibra \u00fanica, d\u00e9jame enamorarte de este lugar como yo lo hice.<\/p><p>Le ayudar\u00e9 a encontrar la propiedad que busca en Florida, ya sea para vivir, como segunda residencia o como inversi\u00f3n.<\/p><p>Con una pasi\u00f3n por mi trabajo, siempre encuentro diferentes maneras de proporcionar a mis clientes un servicio personalizado. Como su agente inmobiliario trabajar\u00e9 con dos prop\u00f3sitos, promover sus mejores intereses y hacer la transacci\u00f3n lo m\u00e1s f\u00e1cil posible para usted.<\/p>\t\t\t\t\t\t\t\t<\/div>\n\t\t\t\t<\/div>\n\t\t\t\t<div class=\"elementor-element elementor-element-1f2adf57 e-grid-align-left elementor-shape-rounded elementor-grid-0 elementor-widget elementor-widget-social-icons\" data-id=\"1f2adf57\" data-element_type=\"widget\" data-e-type=\"widget\" data-widget_type=\"social-icons.default\">\n\t\t\t\t<div class=\"elementor-widget-container\">\n\t\t\t\t\t\t\t<div class=\"elementor-social-icons-wrapper elementor-grid\" role=\"list\">\n\t\t\t\t\t\t\t<span class=\"elementor-grid-item\" role=\"listitem\">\n\t\t\t\t\t<a class=\"elementor-icon elementor-social-icon elementor-social-icon-facebook-f elementor-repeater-item-2012364\" href=\"https:\/\/www.facebook.com\/biancabaldinirealestate\/\" target=\"_blank\">\n\t\t\t\t\t\t<span class=\"elementor-screen-only\">Facebook-f<\/span>\n\t\t\t\t\t\t<i aria-hidden=\"true\" class=\"fab fa-facebook-f\"><\/i>\t\t\t\t\t<\/a>\n\t\t\t\t<\/span>\n\t\t\t\t\t\t\t<span class=\"elementor-grid-item\" role=\"listitem\">\n\t\t\t\t\t<a class=\"elementor-icon elementor-social-icon elementor-social-icon-instagram elementor-repeater-item-b2ef923\" href=\"https:\/\/www.instagram.com\/biancabaldinirealestate\/\" target=\"_blank\">\n\t\t\t\t\t\t<span class=\"elementor-screen-only\">Instagram<\/span>\n\t\t\t\t\t\t<i aria-hidden=\"true\" class=\"fab fa-instagram\"><\/i>\t\t\t\t\t<\/a>\n\t\t\t\t<\/span>\n\t\t\t\t\t\t\t<span class=\"elementor-grid-item\" role=\"listitem\">\n\t\t\t\t\t<a class=\"elementor-icon elementor-social-icon elementor-social-icon-youtube elementor-repeater-item-0f232c8\" target=\"_blank\">\n\t\t\t\t\t\t<span class=\"elementor-screen-only\">Youtube<\/span>\n\t\t\t\t\t\t<i aria-hidden=\"true\" class=\"fab fa-youtube\"><\/i>\t\t\t\t\t<\/a>\n\t\t\t\t<\/span>\n\t\t\t\t\t\t\t<span class=\"elementor-grid-item\" role=\"listitem\">\n\t\t\t\t\t<a class=\"elementor-icon elementor-social-icon elementor-social-icon-whatsapp elementor-repeater-item-6bcc630\" href=\"https:\/\/wa.link\/ai82ms\" target=\"_blank\">\n\t\t\t\t\t\t<span class=\"elementor-screen-only\">Whatsapp<\/span>\n\t\t\t\t\t\t<i aria-hidden=\"true\" class=\"fab fa-whatsapp\"><\/i>\t\t\t\t\t<\/a>\n\t\t\t\t<\/span>\n\t\t\t\t\t<\/div>\n\t\t\t\t\t\t<\/div>\n\t\t\t\t<\/div>\n\t\t\t\t\t<\/div>\n\t\t<\/div>\n\t\t\t\t<div class=\"elementor-column elementor-col-50 elementor-top-column elementor-element elementor-element-46e14e27\" data-id=\"46e14e27\" data-element_type=\"column\" data-e-type=\"column\" data-settings=\"{&quot;background_background&quot;:&quot;classic&quot;}\">\n\t\t\t<div class=\"elementor-widget-wrap elementor-element-populated\">\n\t\t\t\t\t<div class=\"elementor-background-overlay\"><\/div>\n\t\t\t\t\t\t<div class=\"elementor-element elementor-element-25c86b61 elementor-widget elementor-widget-image\" data-id=\"25c86b61\" data-element_type=\"widget\" data-e-type=\"widget\" data-widget_type=\"image.default\">\n\t\t\t\t<div class=\"elementor-widget-container\">\n\t\t\t\t\t\t\t\t\t\t\t\t\t\t\t<img fetchpriority=\"high\" decoding=\"async\" width=\"613\" height=\"679\" src=\"https:\/\/i0.wp.com\/biancabaldini.com\/wp-content\/uploads\/2023\/06\/BiancaB-1-1.png?fit=613%2C679&amp;ssl=1\" class=\"attachment-full size-full wp-image-1671\" alt=\"\" srcset=\"https:\/\/i0.wp.com\/biancabaldini.com\/wp-content\/uploads\/2023\/06\/BiancaB-1-1.png?w=613&amp;ssl=1 613w, https:\/\/i0.wp.com\/biancabaldini.com\/wp-content\/uploads\/2023\/06\/BiancaB-1-1.png?resize=271%2C300&amp;ssl=1 271w\" sizes=\"(max-width: 613px) 100vw, 613px\" \/>\t\t\t\t\t\t\t\t\t\t\t\t\t\t\t<\/div>\n\t\t\t\t<\/div>\n\t\t\t\t<div class=\"elementor-element elementor-element-23c55282 elementor-widget elementor-widget-heading\" data-id=\"23c55282\" data-element_type=\"widget\" data-e-type=\"widget\" data-widget_type=\"heading.default\">\n\t\t\t\t<div class=\"elementor-widget-container\">\n\t\t\t\t\t<h6 class=\"elementor-heading-title elementor-size-default\">Bianca Baldini<\/h6>\t\t\t\t<\/div>\n\t\t\t\t<\/div>\n\t\t\t\t\t<\/div>\n\t\t<\/div>\n\t\t\t\t\t<\/div>\n\t\t<\/section>\n\t\t\t\t<\/div>","protected":false},"excerpt":{"rendered":"<p>About Bianca Baldini Bianca Baldini International Real Estate Born in Venezuela, married and mother of two boys,\u00a0 graduated in journalism from Los Andes University (ULA), passionate about the power of communication and human connections, moved to Miami in 2011.\u00a0International Real Estate Advisor Specialized in Luxury Waterfront and Preconstruction.\u00a0Certified as\u00a0\u00a0Professional Home Stager and Color Consultant. I [&hellip;]<\/p>\n","protected":false},"author":1,"featured_media":2264,"parent":0,"menu_order":0,"comment_status":"closed","ping_status":"closed","template":"","meta":{"nf_dc_page":"","om_disable_all_campaigns":false,"site-sidebar-layout":"no-sidebar","site-content-layout":"page-builder","ast-site-content-layout":"default","site-content-style":"default","site-sidebar-style":"default","ast-global-header-display":"","ast-banner-title-visibility":"","ast-main-header-display":"","ast-hfb-above-header-display":"","ast-hfb-below-header-display":"","ast-hfb-mobile-header-display":"","site-post-title":"disabled","ast-breadcrumbs-content":"","ast-featured-img":"disabled","footer-sml-layout":"","ast-disable-related-posts":"","theme-transparent-header-meta":"enabled","adv-header-id-meta":"","stick-header-meta":"","header-above-stick-meta":"","header-main-stick-meta":"","header-below-stick-meta":"","astra-migrate-meta-layouts":"default","ast-page-background-enabled":"default","ast-page-background-meta":{"desktop":{"background-color":"","background-image":"","background-repeat":"repeat","background-position":"center center","background-size":"auto","background-attachment":"scroll","background-type":"","background-media":"","overlay-type":"","overlay-color":"","overlay-opacity":"","overlay-gradient":""},"tablet":{"background-color":"","background-image":"","background-repeat":"repeat","background-position":"center center","background-size":"auto","background-attachment":"scroll","background-type":"","background-media":"","overlay-type":"","overlay-color":"","overlay-opacity":"","overlay-gradient":""},"mobile":{"background-color":"","background-image":"","background-repeat":"repeat","background-position":"center center","background-size":"auto","background-attachment":"scroll","background-type":"","background-media":"","overlay-type":"","overlay-color":"","overlay-opacity":"","overlay-gradient":""}},"ast-content-background-meta":{"desktop":{"background-color":"var(--ast-global-color-5)","background-image":"","background-repeat":"repeat","background-position":"center center","background-size":"auto","background-attachment":"scroll","background-type":"","background-media":"","overlay-type":"","overlay-color":"","overlay-opacity":"","overlay-gradient":""},"tablet":{"background-color":"var(--ast-global-color-5)","background-image":"","background-repeat":"repeat","background-position":"center center","background-size":"auto","background-attachment":"scroll","background-type":"","background-media":"","overlay-type":"","overlay-color":"","overlay-opacity":"","overlay-gradient":""},"mobile":{"background-color":"var(--ast-global-color-5)","background-image":"","background-repeat":"repeat","background-position":"center center","background-size":"auto","background-attachment":"scroll","background-type":"","background-media":"","overlay-type":"","overlay-color":"","overlay-opacity":"","overlay-gradient":""}},"footnotes":""},"class_list":["post-1342","page","type-page","status-publish","has-post-thumbnail","hentry"],"yoast_head":"<!-- This site is optimized with the Yoast SEO plugin v27.4 - https:\/\/yoast.com\/product\/yoast-seo-wordpress\/ -->\n<title>About - Bianca Baldini<\/title>\n<meta name=\"description\" content=\"International Real Estate Advisort Specialized in Luxury Waterfront and Preconstruction\" \/>\n<meta name=\"robots\" content=\"index, follow, max-snippet:-1, max-image-preview:large, max-video-preview:-1\" \/>\n<link rel=\"canonical\" href=\"https:\/\/biancabaldini.com\/es\/about\/\" \/>\n<meta property=\"og:locale\" content=\"es_ES\" \/>\n<meta property=\"og:type\" content=\"article\" \/>\n<meta property=\"og:title\" content=\"About - Bianca Baldini\" \/>\n<meta property=\"og:description\" content=\"International Real Estate Advisort Specialized in Luxury Waterfront and Preconstruction\" \/>\n<meta property=\"og:url\" content=\"https:\/\/biancabaldini.com\/es\/about\/\" \/>\n<meta property=\"og:site_name\" content=\"Bianca Baldini\" \/>\n<meta property=\"article:modified_time\" content=\"2025-04-01T23:28:00+00:00\" \/>\n<meta property=\"og:image\" content=\"https:\/\/biancabaldini.com\/wp-content\/uploads\/2023\/07\/imge-111-1-1.png\" \/>\n\t<meta property=\"og:image:width\" content=\"1486\" \/>\n\t<meta property=\"og:image:height\" content=\"989\" \/>\n\t<meta property=\"og:image:type\" content=\"image\/png\" \/>\n<meta name=\"twitter:card\" content=\"summary_large_image\" \/>\n<meta name=\"twitter:label1\" content=\"Tiempo de lectura\" \/>\n\t<meta name=\"twitter:data1\" content=\"2 minutos\" \/>\n<script type=\"application\/ld+json\" class=\"yoast-schema-graph\">{\"@context\":\"https:\\\/\\\/schema.org\",\"@graph\":[{\"@type\":\"WebPage\",\"@id\":\"https:\\\/\\\/biancabaldini.com\\\/about\\\/\",\"url\":\"https:\\\/\\\/biancabaldini.com\\\/about\\\/\",\"name\":\"About - Bianca Baldini\",\"isPartOf\":{\"@id\":\"https:\\\/\\\/biancabaldini.com\\\/#website\"},\"primaryImageOfPage\":{\"@id\":\"https:\\\/\\\/biancabaldini.com\\\/about\\\/#primaryimage\"},\"image\":{\"@id\":\"https:\\\/\\\/biancabaldini.com\\\/about\\\/#primaryimage\"},\"thumbnailUrl\":\"https:\\\/\\\/i0.wp.com\\\/biancabaldini.com\\\/wp-content\\\/uploads\\\/2023\\\/07\\\/imge-111-1-1.png?fit=1486%2C989&ssl=1\",\"datePublished\":\"2018-10-04T06:18:10+00:00\",\"dateModified\":\"2025-04-01T23:28:00+00:00\",\"description\":\"International Real Estate Advisort Specialized in Luxury Waterfront and Preconstruction\",\"breadcrumb\":{\"@id\":\"https:\\\/\\\/biancabaldini.com\\\/about\\\/#breadcrumb\"},\"inLanguage\":\"es\",\"potentialAction\":[{\"@type\":\"ReadAction\",\"target\":[\"https:\\\/\\\/biancabaldini.com\\\/about\\\/\"]}]},{\"@type\":\"ImageObject\",\"inLanguage\":\"es\",\"@id\":\"https:\\\/\\\/biancabaldini.com\\\/about\\\/#primaryimage\",\"url\":\"https:\\\/\\\/i0.wp.com\\\/biancabaldini.com\\\/wp-content\\\/uploads\\\/2023\\\/07\\\/imge-111-1-1.png?fit=1486%2C989&ssl=1\",\"contentUrl\":\"https:\\\/\\\/i0.wp.com\\\/biancabaldini.com\\\/wp-content\\\/uploads\\\/2023\\\/07\\\/imge-111-1-1.png?fit=1486%2C989&ssl=1\",\"width\":1486,\"height\":989,\"caption\":\"a\"},{\"@type\":\"BreadcrumbList\",\"@id\":\"https:\\\/\\\/biancabaldini.com\\\/about\\\/#breadcrumb\",\"itemListElement\":[{\"@type\":\"ListItem\",\"position\":1,\"name\":\"Home\",\"item\":\"https:\\\/\\\/biancabaldini.com\\\/\"},{\"@type\":\"ListItem\",\"position\":2,\"name\":\"About\"}]},{\"@type\":\"WebSite\",\"@id\":\"https:\\\/\\\/biancabaldini.com\\\/#website\",\"url\":\"https:\\\/\\\/biancabaldini.com\\\/\",\"name\":\"Bianca Baldini\",\"description\":\"Real Estate Agent\",\"publisher\":{\"@id\":\"https:\\\/\\\/biancabaldini.com\\\/#organization\"},\"potentialAction\":[{\"@type\":\"SearchAction\",\"target\":{\"@type\":\"EntryPoint\",\"urlTemplate\":\"https:\\\/\\\/biancabaldini.com\\\/?s={search_term_string}\"},\"query-input\":{\"@type\":\"PropertyValueSpecification\",\"valueRequired\":true,\"valueName\":\"search_term_string\"}}],\"inLanguage\":\"es\"},{\"@type\":\"Organization\",\"@id\":\"https:\\\/\\\/biancabaldini.com\\\/#organization\",\"name\":\"Bianca Baldini\",\"url\":\"https:\\\/\\\/biancabaldini.com\\\/\",\"logo\":{\"@type\":\"ImageObject\",\"inLanguage\":\"es\",\"@id\":\"https:\\\/\\\/biancabaldini.com\\\/#\\\/schema\\\/logo\\\/image\\\/\",\"url\":\"https:\\\/\\\/i0.wp.com\\\/biancabaldini.com\\\/wp-content\\\/uploads\\\/2023\\\/06\\\/cropped-bianca-baldini-white-nobg-1.png?fit=1681%2C891&ssl=1\",\"contentUrl\":\"https:\\\/\\\/i0.wp.com\\\/biancabaldini.com\\\/wp-content\\\/uploads\\\/2023\\\/06\\\/cropped-bianca-baldini-white-nobg-1.png?fit=1681%2C891&ssl=1\",\"width\":1681,\"height\":891,\"caption\":\"Bianca Baldini\"},\"image\":{\"@id\":\"https:\\\/\\\/biancabaldini.com\\\/#\\\/schema\\\/logo\\\/image\\\/\"}}]}<\/script>\n<!-- \/ Yoast SEO plugin. -->","yoast_head_json":{"title":"About - Bianca Baldini","description":"International Real Estate Advisort Specialized in Luxury Waterfront and Preconstruction","robots":{"index":"index","follow":"follow","max-snippet":"max-snippet:-1","max-image-preview":"max-image-preview:large","max-video-preview":"max-video-preview:-1"},"canonical":"https:\/\/biancabaldini.com\/es\/about\/","og_locale":"es_ES","og_type":"article","og_title":"About - Bianca Baldini","og_description":"International Real Estate Advisort Specialized in Luxury Waterfront and Preconstruction","og_url":"https:\/\/biancabaldini.com\/es\/about\/","og_site_name":"Bianca Baldini","article_modified_time":"2025-04-01T23:28:00+00:00","og_image":[{"width":1486,"height":989,"url":"https:\/\/biancabaldini.com\/wp-content\/uploads\/2023\/07\/imge-111-1-1.png","type":"image\/png"}],"twitter_card":"summary_large_image","twitter_misc":{"Tiempo de lectura":"2 minutos"},"schema":{"@context":"https:\/\/schema.org","@graph":[{"@type":"WebPage","@id":"https:\/\/biancabaldini.com\/about\/","url":"https:\/\/biancabaldini.com\/about\/","name":"About - Bianca Baldini","isPartOf":{"@id":"https:\/\/biancabaldini.com\/#website"},"primaryImageOfPage":{"@id":"https:\/\/biancabaldini.com\/about\/#primaryimage"},"image":{"@id":"https:\/\/biancabaldini.com\/about\/#primaryimage"},"thumbnailUrl":"https:\/\/i0.wp.com\/biancabaldini.com\/wp-content\/uploads\/2023\/07\/imge-111-1-1.png?fit=1486%2C989&ssl=1","datePublished":"2018-10-04T06:18:10+00:00","dateModified":"2025-04-01T23:28:00+00:00","description":"International Real Estate Advisort Specialized in Luxury Waterfront and Preconstruction","breadcrumb":{"@id":"https:\/\/biancabaldini.com\/about\/#breadcrumb"},"inLanguage":"es","potentialAction":[{"@type":"ReadAction","target":["https:\/\/biancabaldini.com\/about\/"]}]},{"@type":"ImageObject","inLanguage":"es","@id":"https:\/\/biancabaldini.com\/about\/#primaryimage","url":"https:\/\/i0.wp.com\/biancabaldini.com\/wp-content\/uploads\/2023\/07\/imge-111-1-1.png?fit=1486%2C989&ssl=1","contentUrl":"https:\/\/i0.wp.com\/biancabaldini.com\/wp-content\/uploads\/2023\/07\/imge-111-1-1.png?fit=1486%2C989&ssl=1","width":1486,"height":989,"caption":"a"},{"@type":"BreadcrumbList","@id":"https:\/\/biancabaldini.com\/about\/#breadcrumb","itemListElement":[{"@type":"ListItem","position":1,"name":"Home","item":"https:\/\/biancabaldini.com\/"},{"@type":"ListItem","position":2,"name":"About"}]},{"@type":"WebSite","@id":"https:\/\/biancabaldini.com\/#website","url":"https:\/\/biancabaldini.com\/","name":"Bianca Baldini","description":"Real Estate Agent","publisher":{"@id":"https:\/\/biancabaldini.com\/#organization"},"potentialAction":[{"@type":"SearchAction","target":{"@type":"EntryPoint","urlTemplate":"https:\/\/biancabaldini.com\/?s={search_term_string}"},"query-input":{"@type":"PropertyValueSpecification","valueRequired":true,"valueName":"search_term_string"}}],"inLanguage":"es"},{"@type":"Organization","@id":"https:\/\/biancabaldini.com\/#organization","name":"Bianca Baldini","url":"https:\/\/biancabaldini.com\/","logo":{"@type":"ImageObject","inLanguage":"es","@id":"https:\/\/biancabaldini.com\/#\/schema\/logo\/image\/","url":"https:\/\/i0.wp.com\/biancabaldini.com\/wp-content\/uploads\/2023\/06\/cropped-bianca-baldini-white-nobg-1.png?fit=1681%2C891&ssl=1","contentUrl":"https:\/\/i0.wp.com\/biancabaldini.com\/wp-content\/uploads\/2023\/06\/cropped-bianca-baldini-white-nobg-1.png?fit=1681%2C891&ssl=1","width":1681,"height":891,"caption":"Bianca Baldini"},"image":{"@id":"https:\/\/biancabaldini.com\/#\/schema\/logo\/image\/"}}]}},"jetpack_sharing_enabled":true,"rttpg_featured_image_url":{"full":["https:\/\/i0.wp.com\/biancabaldini.com\/wp-content\/uploads\/2023\/07\/imge-111-1-1.png?fit=1486%2C989&ssl=1",1486,989,false],"landscape":["https:\/\/biancabaldini.com\/wp-content\/uploads\/2023\/07\/imge-111-1-1.png",1486,989,false],"portraits":["https:\/\/biancabaldini.com\/wp-content\/uploads\/2023\/07\/imge-111-1-1.png",1486,989,false],"thumbnail":["https:\/\/i0.wp.com\/biancabaldini.com\/wp-content\/uploads\/2023\/07\/imge-111-1-1.png?resize=150%2C150&ssl=1",150,150,true],"medium":["https:\/\/i0.wp.com\/biancabaldini.com\/wp-content\/uploads\/2023\/07\/imge-111-1-1.png?fit=300%2C200&ssl=1",300,200,true],"large":["https:\/\/i0.wp.com\/biancabaldini.com\/wp-content\/uploads\/2023\/07\/imge-111-1-1.png?fit=1024%2C682&ssl=1",1024,682,true],"RoboGalleryMansoryImagesCenter":["https:\/\/i0.wp.com\/biancabaldini.com\/wp-content\/uploads\/2023\/07\/imge-111-1-1.png?resize=600%2C989&ssl=1",600,989,true],"RoboGalleryPreload":["https:\/\/i0.wp.com\/biancabaldini.com\/wp-content\/uploads\/2023\/07\/imge-111-1-1.png?fit=100%2C67&ssl=1",100,67,true],"1536x1536":["https:\/\/i0.wp.com\/biancabaldini.com\/wp-content\/uploads\/2023\/07\/imge-111-1-1.png?fit=1486%2C989&ssl=1",1486,989,true],"2048x2048":["https:\/\/i0.wp.com\/biancabaldini.com\/wp-content\/uploads\/2023\/07\/imge-111-1-1.png?fit=1486%2C989&ssl=1",1486,989,true],"trp-custom-language-flag":["https:\/\/i0.wp.com\/biancabaldini.com\/wp-content\/uploads\/2023\/07\/imge-111-1-1.png?fit=18%2C12&ssl=1",18,12,true]},"rttpg_author":{"display_name":"biancaB","author_link":"https:\/\/biancabaldini.com\/es\/author\/biancab\/"},"rttpg_comment":0,"rttpg_category":null,"rttpg_excerpt":"About Bianca Baldini Bianca Baldini International Real Estate Born in Venezuela, married and mother of two boys,\u00a0 graduated in journalism from Los Andes University (ULA), passionate about the power of communication and human connections, moved to Miami in 2011.\u00a0International Real Estate Advisor Specialized in Luxury Waterfront and Preconstruction.\u00a0Certified as\u00a0\u00a0Professional Home Stager and Color Consultant. I&hellip;","_links":{"self":[{"href":"https:\/\/biancabaldini.com\/es\/wp-json\/wp\/v2\/pages\/1342","targetHints":{"allow":["GET"]}}],"collection":[{"href":"https:\/\/biancabaldini.com\/es\/wp-json\/wp\/v2\/pages"}],"about":[{"href":"https:\/\/biancabaldini.com\/es\/wp-json\/wp\/v2\/types\/page"}],"author":[{"embeddable":true,"href":"https:\/\/biancabaldini.com\/es\/wp-json\/wp\/v2\/users\/1"}],"replies":[{"embeddable":true,"href":"https:\/\/biancabaldini.com\/es\/wp-json\/wp\/v2\/comments?post=1342"}],"version-history":[{"count":5,"href":"https:\/\/biancabaldini.com\/es\/wp-json\/wp\/v2\/pages\/1342\/revisions"}],"predecessor-version":[{"id":3325,"href":"https:\/\/biancabaldini.com\/es\/wp-json\/wp\/v2\/pages\/1342\/revisions\/3325"}],"wp:featuredmedia":[{"embeddable":true,"href":"https:\/\/biancabaldini.com\/es\/wp-json\/wp\/v2\/media\/2264"}],"wp:attachment":[{"href":"https:\/\/biancabaldini.com\/es\/wp-json\/wp\/v2\/media?parent=1342"}],"curies":[{"name":"wp","href":"https:\/\/api.w.org\/{rel}","templated":true}]}}